{"id":14032,"date":"2017-08-27T02:04:20","date_gmt":"2017-08-27T01:04:20","guid":{"rendered":"https:\/\/www.inkston.com\/community\/?page_id=14032"},"modified":"2018-06-09T18:16:09","modified_gmt":"2018-06-09T17:16:09","slug":"my-points","status":"publish","type":"page","link":"https:\/\/www.inkston.com\/community\/my-points\/","title":{"rendered":"My Points on Inkston"},"content":{"rendered":"<div class=\"saleflash\">\n<div class=\"lang en de\">Points mean prizes!<br \/>\nCollect points to <a href=\"https:\/\/www.inkston.com\/community\/my-awards\/\">win awards<\/a> and coupons, gifts and discounts on <a href=\"https:\/\/www.inkston.com\/shop\/\">inkston shop<\/a>.<\/div>\n<div class=\"lang es\">\u00a1Los puntos significan premios!<br \/>\nObtenga puntos, <a href=\"https:\/\/www.inkston.com\/community\/my-awards\/\">gane premios<\/a> y cupones, regalos y descuentos en <a href=\"https:\/\/www.inkston.com\/es\/tienda\/\">la tienda inkston<\/a>.<\/div>\n<div class=\"lang fr\">Les points signifient des prix!<br \/>\nCollectez des points, <a href=\"https:\/\/www.inkston.com\/community\/my-awards\/\">gagnez des r\u00e9compenses<\/a> et des coupons, des cadeaux et des r\u00e9ductions sur <a href=\"https:\/\/www.inkston.com\/fr\/boutique\/\">la boutique inkston<\/a>.<\/div>\n<\/div>\n<div class=\"hide-if-logged-in\">\n<div class=\"lang en de\"><strong>Please <a href=\"https:\/\/www.inkston.com\/my-account\/?redirect=https%3A%2F%2Fwww.inkston.com%2Fcommunity%2Fmy-points%2F\">login to see your points<\/a>.<\/strong><\/div>\n<div class=\"lang es\"><strong>Por favor <a href=\"https:\/\/www.inkston.com\/es\/mi-cuenta\/?redirect=https%3A%2F%2Fwww.inkston.com%2Fcommunity%2Fmy-points%2F\">inicie sesi\u00f3n para ver sus puntos<\/a>.<\/strong><\/div>\n<div class=\"lang fr\"><strong>S&#8217;il vous plait <a href=\"https:\/\/www.inkston.com\/fr\/mon-compte\/?redirect=https%3A%2F%2Fwww.inkston.com%2Fcommunity%2Fmy-points%2F\">connectez-vous pour voir vos points<\/a>.<\/strong><\/div>\n<\/div>\n<div class=\"lang en de\">\n<h2 class=\"hide-if-logged-out align-center\">You currently have 0 points.<\/h2>\n<\/div>\n<div class=\"lang es\">\n<h2 class=\"hide-if-logged-out align-center lang es\">Actualmente tienes 0 puntos.<\/h2>\n<\/div>\n<div class=\"lang fr\">\n<h2 class=\"hide-if-logged-out align-center lang fr\">Vous avez maintenant 0 points.<\/h2>\n<\/div>\n<div class=\"hide-if-logged-out\">No badges yet<\/div>\n<div class=\"lang en de\">\n<p>Points are awarded when you make comments, new posts and replies anywhere on inkston community or inkston.com stories and products. Only approved actions count for points so if you have made a contribution but it hasn&#8217;t been published yet, the points will only be added on publication.\u00a0 As you get more points you earn badges which can be used as coupons for discounts and gifts in the shop.<\/p>\n<p>You can see details of the different types of points below:<\/p>\n<h2>Inkston Points scheme<\/h2>\n<\/div>\n<div class=\"lang es\">\n<p>Los puntos se otorgan cuando realiza comentarios, nuevas publicaciones y respuestas en cualquier lugar de la comunidad inkston o historias y productos de inkston.com. Solo las acciones aprobadas cuentan para los puntos, de modo que si ha realizado una contribuci\u00f3n pero a\u00fan no se ha publicado, los puntos solo se agregar\u00e1n en la publicaci\u00f3n.<\/p>\n<p>Puede ver detalles de los diferentes tipos de puntos a continuaci\u00f3n:<\/p>\n<h2>Esquema de puntos de Inkston<\/h2>\n<\/div>\n<div class=\"lang fr\">\n<p>Les points sont attribu\u00e9s lorsque vous faites des commentaires, de nouveaux messages et des r\u00e9ponses partout sur les histoires et les produits inkston community ou inkston.com. Seules les actions approuv\u00e9es comptent pour les points, donc si vous avez fait une contribution mais qu&#8217;elle n&#8217;a pas encore \u00e9t\u00e9 publi\u00e9e, les points ne seront ajout\u00e9s que lors de la publication.<\/p>\n<p>Vous pouvez voir les d\u00e9tails des diff\u00e9rents types de points ci-dessous:<\/p>\n<h2>Syst\u00e8me de points Inkston<\/h2>\n<\/div>\n<div id=\"badgeos-achievements-filters-wrap\"><div id=\"badgeos-achievements-filter\">Filter:<select name=\"achievements_list_filter\" id=\"achievements_list_filter\"><option value=\"all\">All Points<\/select><\/div><div id=\"badgeos-achievements-search\"><form id=\"achievements_list_search_go_form\" action=\"https:\/\/www.inkston.com\/community\/my-points\/\" method=\"post\">Search: <input type=\"text\" id=\"achievements_list_search\" name=\"achievements_list_search\" value=\"\"><input type=\"submit\" id=\"achievements_list_search_go\" name=\"achievements_list_search_go\" value=\"Go\"><\/form><\/div><\/div><!-- #badgeos-achievements-filters-wrap --><div id=\"badgeos-achievements-container\"><\/div><input type=\"hidden\" id=\"badgeos_achievements_offset\" value=\"0\"><input type=\"hidden\" id=\"badgeos_achievements_count\" value=\"0\"><input type=\"button\" id=\"achievements_list_load_more\" value=\"Load More\" style=\"display:none;\"><div class=\"badgeos-spinner\"><\/div>\n","protected":false},"excerpt":{"rendered":"<p>Points mean prizes! Collect points to win awards and coupons, gifts and discounts on inkston shop. \u00a1Los puntos significan premios! Obtenga puntos, gane premios y cupones, regalos y descuentos en la tienda inkston. Les points&#8230;<\/p>\n","protected":false},"author":1,"featured_media":0,"parent":0,"menu_order":0,"comment_status":"closed","ping_status":"closed","template":"","meta":{"_bbp_topic_count":0,"_bbp_reply_count":0,"_bbp_total_topic_count":0,"_bbp_total_reply_count":0,"_bbp_voice_count":0,"_bbp_anonymous_reply_count":0,"_bbp_topic_count_hidden":0,"_bbp_reply_count_hidden":0,"_bbp_forum_subforum_count":0,"footnotes":""},"yoast_head":"<!-- This site is optimized with the Yoast SEO plugin v19.7.1 - https:\/\/yoast.com\/wordpress\/plugins\/seo\/ -->\n<title>My Points on Inkston - Inkston Oriental Art Community<\/title>\n<meta name=\"description\" content=\"My Points on Inkston - Points mean prizes! Collect points to win awards and coupons, gifts and discounts on inkston shop. \u00a1Los puntos significan premios! Obtenga puntos, gane\" \/>\n<meta name=\"robots\" content=\"index, follow, max-snippet:-1, max-image-preview:large, max-video-preview:-1\" \/>\n<link rel=\"canonical\" href=\"https:\/\/www.inkston.com\/community\/my-points\/\" \/>\n<meta property=\"og:locale\" content=\"en_GB\" \/>\n<meta property=\"og:type\" content=\"article\" \/>\n<meta property=\"og:title\" content=\"My Points on Inkston - Inkston Oriental Art Community\" \/>\n<meta property=\"og:description\" content=\"My Points on Inkston - Points mean prizes! Collect points to win awards and coupons, gifts and discounts on inkston shop. \u00a1Los puntos significan premios! Obtenga puntos, gane\" \/>\n<meta property=\"og:url\" content=\"https:\/\/www.inkston.com\/community\/my-points\/\" \/>\n<meta property=\"og:site_name\" content=\"Inkston Oriental Art Community\" \/>\n<meta property=\"article:publisher\" content=\"https:\/\/www.facebook.com\/theinkston\/\" \/>\n<meta property=\"article:modified_time\" content=\"2018-06-09T17:16:09+00:00\" \/>\n<meta property=\"og:image\" content=\"https:\/\/www.inkston.com\/no-image.png\" \/>\n<meta name=\"twitter:card\" content=\"summary_large_image\" \/>\n<meta name=\"twitter:site\" content=\"@theInkston\" \/>\n<meta name=\"twitter:label1\" content=\"Estimated reading time\" \/>\n\t<meta name=\"twitter:data1\" content=\"2 minutes\" \/>\n<script type=\"application\/ld+json\" class=\"yoast-schema-graph\">{\"@context\":\"https:\/\/schema.org\",\"@graph\":[{\"@type\":\"WebPage\",\"@id\":\"https:\/\/www.inkston.com\/community\/my-points\/\",\"url\":\"https:\/\/www.inkston.com\/community\/my-points\/\",\"name\":\"My Points on Inkston - Inkston Oriental Art Community\",\"isPartOf\":{\"@id\":\"https:\/\/www.inkston.com\/community\/#website\"},\"datePublished\":\"2017-08-27T01:04:20+00:00\",\"dateModified\":\"2018-06-09T17:16:09+00:00\",\"description\":\"My Points on Inkston - Points mean prizes! Collect points to win awards and coupons, gifts and discounts on inkston shop. \u00a1Los puntos significan premios! Obtenga puntos, gane\",\"breadcrumb\":{\"@id\":\"https:\/\/www.inkston.com\/community\/my-points\/#breadcrumb\"},\"inLanguage\":\"en-GB\",\"potentialAction\":[{\"@type\":\"ReadAction\",\"target\":[\"https:\/\/www.inkston.com\/community\/my-points\/\"]}]},{\"@type\":\"BreadcrumbList\",\"@id\":\"https:\/\/www.inkston.com\/community\/my-points\/#breadcrumb\",\"itemListElement\":[{\"@type\":\"ListItem\",\"position\":1,\"name\":\"Home\",\"item\":\"https:\/\/www.inkston.com\/community\/\"},{\"@type\":\"ListItem\",\"position\":2,\"name\":\"My Points on Inkston\"}]},{\"@type\":\"WebSite\",\"@id\":\"https:\/\/www.inkston.com\/community\/#website\",\"url\":\"https:\/\/www.inkston.com\/community\/\",\"name\":\"Inkston Oriental Art Community\",\"description\":\"community resource provided by Inkston\",\"publisher\":{\"@id\":\"https:\/\/www.inkston.com\/community\/#organization\"},\"potentialAction\":[{\"@type\":\"SearchAction\",\"target\":{\"@type\":\"EntryPoint\",\"urlTemplate\":\"https:\/\/www.inkston.com\/community\/?s={search_term_string}\"},\"query-input\":\"required name=search_term_string\"}],\"inLanguage\":\"en-GB\"},{\"@type\":\"Organization\",\"@id\":\"https:\/\/www.inkston.com\/community\/#organization\",\"name\":\"Inkston\",\"url\":\"https:\/\/www.inkston.com\/community\/\",\"sameAs\":[\"https:\/\/www.instagram.com\/theinkston\/\",\"https:\/\/www.linkedin.com\/company\/13259615\",\"https:\/\/www.pinterest.com\/theinkston\/\",\"https:\/\/www.youtube.com\/channel\/UCaN8Fpz-2n6Y32nxopJPEVw\",\"https:\/\/www.facebook.com\/theinkston\/\",\"https:\/\/twitter.com\/theInkston\"],\"logo\":{\"@type\":\"ImageObject\",\"inLanguage\":\"en-GB\",\"@id\":\"https:\/\/www.inkston.com\/community\/#\/schema\/logo\/image\/\",\"url\":\"https:\/\/www.inkston.com\/wp-content\/uploads\/sites\/2\/2017\/08\/inkston-logo-tr-300x114.png\",\"contentUrl\":\"https:\/\/www.inkston.com\/wp-content\/uploads\/sites\/2\/2017\/08\/inkston-logo-tr-300x114.png\",\"width\":300,\"height\":114,\"caption\":\"Inkston\"},\"image\":{\"@id\":\"https:\/\/www.inkston.com\/community\/#\/schema\/logo\/image\/\"}}]}<\/script>\n<!-- \/ Yoast SEO plugin. -->","yoast_head_json":{"title":"My Points on Inkston - Inkston Oriental Art Community","description":"My Points on Inkston - Points mean prizes! Collect points to win awards and coupons, gifts and discounts on inkston shop. \u00a1Los puntos significan premios! Obtenga puntos, gane","robots":{"index":"index","follow":"follow","max-snippet":"max-snippet:-1","max-image-preview":"max-image-preview:large","max-video-preview":"max-video-preview:-1"},"canonical":"https:\/\/www.inkston.com\/community\/my-points\/","og_locale":"en_GB","og_type":"article","og_title":"My Points on Inkston - Inkston Oriental Art Community","og_description":"My Points on Inkston - Points mean prizes! Collect points to win awards and coupons, gifts and discounts on inkston shop. \u00a1Los puntos significan premios! Obtenga puntos, gane","og_url":"https:\/\/www.inkston.com\/community\/my-points\/","og_site_name":"Inkston Oriental Art Community","article_publisher":"https:\/\/www.facebook.com\/theinkston\/","article_modified_time":"2018-06-09T17:16:09+00:00","og_image":[{"url":"https:\/\/www.inkston.com\/no-image.png"}],"twitter_card":"summary_large_image","twitter_site":"@theInkston","twitter_misc":{"Estimated reading time":"2 minutes"},"schema":{"@context":"https:\/\/schema.org","@graph":[{"@type":"WebPage","@id":"https:\/\/www.inkston.com\/community\/my-points\/","url":"https:\/\/www.inkston.com\/community\/my-points\/","name":"My Points on Inkston - Inkston Oriental Art Community","isPartOf":{"@id":"https:\/\/www.inkston.com\/community\/#website"},"datePublished":"2017-08-27T01:04:20+00:00","dateModified":"2018-06-09T17:16:09+00:00","description":"My Points on Inkston - Points mean prizes! Collect points to win awards and coupons, gifts and discounts on inkston shop. \u00a1Los puntos significan premios! Obtenga puntos, gane","breadcrumb":{"@id":"https:\/\/www.inkston.com\/community\/my-points\/#breadcrumb"},"inLanguage":"en-GB","potentialAction":[{"@type":"ReadAction","target":["https:\/\/www.inkston.com\/community\/my-points\/"]}]},{"@type":"BreadcrumbList","@id":"https:\/\/www.inkston.com\/community\/my-points\/#breadcrumb","itemListElement":[{"@type":"ListItem","position":1,"name":"Home","item":"https:\/\/www.inkston.com\/community\/"},{"@type":"ListItem","position":2,"name":"My Points on Inkston"}]},{"@type":"WebSite","@id":"https:\/\/www.inkston.com\/community\/#website","url":"https:\/\/www.inkston.com\/community\/","name":"Inkston Oriental Art Community","description":"community resource provided by Inkston","publisher":{"@id":"https:\/\/www.inkston.com\/community\/#organization"},"potentialAction":[{"@type":"SearchAction","target":{"@type":"EntryPoint","urlTemplate":"https:\/\/www.inkston.com\/community\/?s={search_term_string}"},"query-input":"required name=search_term_string"}],"inLanguage":"en-GB"},{"@type":"Organization","@id":"https:\/\/www.inkston.com\/community\/#organization","name":"Inkston","url":"https:\/\/www.inkston.com\/community\/","sameAs":["https:\/\/www.instagram.com\/theinkston\/","https:\/\/www.linkedin.com\/company\/13259615","https:\/\/www.pinterest.com\/theinkston\/","https:\/\/www.youtube.com\/channel\/UCaN8Fpz-2n6Y32nxopJPEVw","https:\/\/www.facebook.com\/theinkston\/","https:\/\/twitter.com\/theInkston"],"logo":{"@type":"ImageObject","inLanguage":"en-GB","@id":"https:\/\/www.inkston.com\/community\/#\/schema\/logo\/image\/","url":"https:\/\/www.inkston.com\/wp-content\/uploads\/sites\/2\/2017\/08\/inkston-logo-tr-300x114.png","contentUrl":"https:\/\/www.inkston.com\/wp-content\/uploads\/sites\/2\/2017\/08\/inkston-logo-tr-300x114.png","width":300,"height":114,"caption":"Inkston"},"image":{"@id":"https:\/\/www.inkston.com\/community\/#\/schema\/logo\/image\/"}}]}},"_links":{"self":[{"href":"https:\/\/www.inkston.com\/community\/wp-json\/wp\/v2\/pages\/14032"}],"collection":[{"href":"https:\/\/www.inkston.com\/community\/wp-json\/wp\/v2\/pages"}],"about":[{"href":"https:\/\/www.inkston.com\/community\/wp-json\/wp\/v2\/types\/page"}],"author":[{"embeddable":true,"href":"https:\/\/www.inkston.com\/community\/wp-json\/wp\/v2\/users\/1"}],"replies":[{"embeddable":true,"href":"https:\/\/www.inkston.com\/community\/wp-json\/wp\/v2\/comments?post=14032"}],"version-history":[{"count":5,"href":"https:\/\/www.inkston.com\/community\/wp-json\/wp\/v2\/pages\/14032\/revisions"}],"predecessor-version":[{"id":19137,"href":"https:\/\/www.inkston.com\/community\/wp-json\/wp\/v2\/pages\/14032\/revisions\/19137"}],"wp:attachment":[{"href":"https:\/\/www.inkston.com\/community\/wp-json\/wp\/v2\/media?parent=14032"}],"curies":[{"name":"wp","href":"https:\/\/api.w.org\/{rel}","templated":true}]}}