{"id":14035,"date":"2017-08-27T02:06:58","date_gmt":"2017-08-27T01:06:58","guid":{"rendered":"https:\/\/www.inkston.com\/community\/?page_id=14035"},"modified":"2018-06-07T08:31:51","modified_gmt":"2018-06-07T07:31:51","slug":"my-awards","status":"publish","type":"page","link":"https:\/\/www.inkston.com\/community\/my-awards\/","title":{"rendered":"My Awards on Inkston"},"content":{"rendered":"<div class=\"lang en de\">\n<div class=\"saleflash\">Awards mean prizes!<br \/>\nCheck the details of your award for coupons to use to claim gifts and discounts on <a href=\"https:\/\/www.inkston.com\/shop\/\">inkston shop<\/a>.<\/div>\n<div class=\"hide-if-logged-in\"><strong>Please <a href=\"https:\/\/www.inkston.com\/my-account\/?redirect=https%3A%2F%2Fwww.inkston.com%2Fcommunity%2Fmy-awards%2F\">login to see your awards<\/a>.<\/strong><\/div>\n<\/div>\n<div class=\"lang es\">\n<div class=\"saleflash\">\u00a1Premios significan descuentos!<br \/>\nVerifique los detalles de su premio de cupones para usar para reclamar regalos y descuentos en <a href=\"https:\/\/www.inkston.com\/es\/tienda\/\">la tienda inkston<\/a>.<\/div>\n<div class=\"hide-if-logged-in\"><strong>Por favor <a href=\"https:\/\/www.inkston.com\/es\/mi-cuenta\/?redirect=https%3A%2F%2Fwww.inkston.com%2Fcommunity%2Fmy-points%2F\">inicie sesi\u00f3n para ver sus premios<\/a>.<\/strong><\/div>\n<\/div>\n<div class=\"lang fr\">\n<div class=\"saleflash\">Les r\u00e9compenses signifient des prix!<br \/>\nV\u00e9rifiez les d\u00e9tails de votre r\u00e9compense pour les coupons \u00e0 utiliser pour r\u00e9clamer des cadeaux et des r\u00e9ductions sur <a href=\"https:\/\/www.inkston.com\/fr\/boutique\/\">la boutique inkston<\/a>.<\/div>\n<div class=\"hide-if-logged-in\"><strong>S&#8217;il vous plait <a href=\"https:\/\/www.inkston.com\/fr\/mon-compte\/?redirect=https%3A%2F%2Fwww.inkston.com%2Fcommunity%2Fmy-points%2F\">connectez-vous pour voir vos r\u00e9compenses<\/a>.<\/strong><\/div>\n<\/div>\n<div class=\"hide-if-logged-out\">\nNo badges yet<br \/>\nNo badges yet\n<\/div>\n<div class=\"lang en de\">\nYou win awards by collecting points for your contributions such as comments, posts and replies anywhere on inkston community or inkston.com stories and products &#8211; <a href=\"https:\/\/www.inkston.com\/community\/my-points\/\">check your points<\/a>. <\/p>\n<h2>Inkston Awards<\/h2>\n<\/div>\n<div class=\"lang es\">\nSe gana premios por acumulaci\u00f3n de puntos por su contribuci\u00f3n como comentarios, mensajes y respuestas en cualquier lugar de historias y productos de la comunidad inkston o inkston.com &#8211; <a href=\"https:\/\/www.inkston.com\/community\/my-points\/\" >comprueba tus puntos<\/a>.<\/p>\n<h2>Premios Inkston<\/h2>\n<\/div>\n<div class=\"lang fr\">\nVous gagnez des r\u00e9compenses en collectant des points pour vos contributions telles que des commentaires, des posts et des r\u00e9ponses n&#8217;importe o\u00f9 sur les histoires et les produits d&#8217;Inkston Community ou d&#8217;inkston.com &#8211; <a href=\"https:\/\/www.inkston.com\/community\/my-points\/\">v\u00e9rifiez vos points<\/a>.<\/p>\n<h2>R\u00e9compenses Inkston<\/h2>\n<\/div>\n<div id=\"badgeos-achievements-filters-wrap\"><div id=\"badgeos-achievements-filter\">Filter:<select name=\"achievements_list_filter\" id=\"achievements_list_filter\"><option value=\"all\">All Badges<\/select><\/div><\/div><!-- #badgeos-achievements-filters-wrap --><div id=\"badgeos-achievements-container\"><\/div><input type=\"hidden\" id=\"badgeos_achievements_offset\" value=\"0\"><input type=\"hidden\" id=\"badgeos_achievements_count\" value=\"0\"><input type=\"button\" id=\"achievements_list_load_more\" value=\"Load More\" style=\"display:none;\"><div class=\"badgeos-spinner\"><\/div>\n","protected":false},"excerpt":{"rendered":"<p>Awards mean prizes! Check the details of your award for coupons to use to claim gifts and discounts on inkston shop. Please login to see your awards. \u00a1Premios significan descuentos! Verifique los detalles de su&#8230;<\/p>\n","protected":false},"author":1,"featured_media":0,"parent":0,"menu_order":0,"comment_status":"closed","ping_status":"closed","template":"","meta":{"_bbp_topic_count":0,"_bbp_reply_count":0,"_bbp_total_topic_count":0,"_bbp_total_reply_count":0,"_bbp_voice_count":0,"_bbp_anonymous_reply_count":0,"_bbp_topic_count_hidden":0,"_bbp_reply_count_hidden":0,"_bbp_forum_subforum_count":0,"footnotes":""},"yoast_head":"<!-- This site is optimized with the Yoast SEO plugin v19.7.1 - https:\/\/yoast.com\/wordpress\/plugins\/seo\/ -->\n<title>My Awards on Inkston - Inkston Oriental Art Community<\/title>\n<meta name=\"description\" content=\"My Awards on Inkston - Awards mean prizes! Check the details of your award for coupons to use to claim gifts and discounts on inkston shop. Please login to see your awards.\" \/>\n<meta name=\"robots\" content=\"index, follow, max-snippet:-1, max-image-preview:large, max-video-preview:-1\" \/>\n<link rel=\"canonical\" href=\"https:\/\/www.inkston.com\/community\/my-awards\/\" \/>\n<meta property=\"og:locale\" content=\"en_GB\" \/>\n<meta property=\"og:type\" content=\"article\" \/>\n<meta property=\"og:title\" content=\"My Awards on Inkston - Inkston Oriental Art Community\" \/>\n<meta property=\"og:description\" content=\"My Awards on Inkston - Awards mean prizes! Check the details of your award for coupons to use to claim gifts and discounts on inkston shop. Please login to see your awards.\" \/>\n<meta property=\"og:url\" content=\"https:\/\/www.inkston.com\/community\/my-awards\/\" \/>\n<meta property=\"og:site_name\" content=\"Inkston Oriental Art Community\" \/>\n<meta property=\"article:publisher\" content=\"https:\/\/www.facebook.com\/theinkston\/\" \/>\n<meta property=\"article:modified_time\" content=\"2018-06-07T07:31:51+00:00\" \/>\n<meta property=\"og:image\" content=\"https:\/\/www.inkston.com\/no-image.png\" \/>\n<meta name=\"twitter:card\" content=\"summary_large_image\" \/>\n<meta name=\"twitter:site\" content=\"@theInkston\" \/>\n<meta name=\"twitter:label1\" content=\"Estimated reading time\" \/>\n\t<meta name=\"twitter:data1\" content=\"1 minute\" \/>\n<script type=\"application\/ld+json\" class=\"yoast-schema-graph\">{\"@context\":\"https:\/\/schema.org\",\"@graph\":[{\"@type\":\"WebPage\",\"@id\":\"https:\/\/www.inkston.com\/community\/my-awards\/\",\"url\":\"https:\/\/www.inkston.com\/community\/my-awards\/\",\"name\":\"My Awards on Inkston - Inkston Oriental Art Community\",\"isPartOf\":{\"@id\":\"https:\/\/www.inkston.com\/community\/#website\"},\"datePublished\":\"2017-08-27T01:06:58+00:00\",\"dateModified\":\"2018-06-07T07:31:51+00:00\",\"description\":\"My Awards on Inkston - Awards mean prizes! Check the details of your award for coupons to use to claim gifts and discounts on inkston shop. Please login to see your awards.\",\"breadcrumb\":{\"@id\":\"https:\/\/www.inkston.com\/community\/my-awards\/#breadcrumb\"},\"inLanguage\":\"en-GB\",\"potentialAction\":[{\"@type\":\"ReadAction\",\"target\":[\"https:\/\/www.inkston.com\/community\/my-awards\/\"]}]},{\"@type\":\"BreadcrumbList\",\"@id\":\"https:\/\/www.inkston.com\/community\/my-awards\/#breadcrumb\",\"itemListElement\":[{\"@type\":\"ListItem\",\"position\":1,\"name\":\"Home\",\"item\":\"https:\/\/www.inkston.com\/community\/\"},{\"@type\":\"ListItem\",\"position\":2,\"name\":\"My Awards on Inkston\"}]},{\"@type\":\"WebSite\",\"@id\":\"https:\/\/www.inkston.com\/community\/#website\",\"url\":\"https:\/\/www.inkston.com\/community\/\",\"name\":\"Inkston Oriental Art Community\",\"description\":\"community resource provided by Inkston\",\"publisher\":{\"@id\":\"https:\/\/www.inkston.com\/community\/#organization\"},\"potentialAction\":[{\"@type\":\"SearchAction\",\"target\":{\"@type\":\"EntryPoint\",\"urlTemplate\":\"https:\/\/www.inkston.com\/community\/?s={search_term_string}\"},\"query-input\":\"required name=search_term_string\"}],\"inLanguage\":\"en-GB\"},{\"@type\":\"Organization\",\"@id\":\"https:\/\/www.inkston.com\/community\/#organization\",\"name\":\"Inkston\",\"url\":\"https:\/\/www.inkston.com\/community\/\",\"sameAs\":[\"https:\/\/www.instagram.com\/theinkston\/\",\"https:\/\/www.linkedin.com\/company\/13259615\",\"https:\/\/www.pinterest.com\/theinkston\/\",\"https:\/\/www.youtube.com\/channel\/UCaN8Fpz-2n6Y32nxopJPEVw\",\"https:\/\/www.facebook.com\/theinkston\/\",\"https:\/\/twitter.com\/theInkston\"],\"logo\":{\"@type\":\"ImageObject\",\"inLanguage\":\"en-GB\",\"@id\":\"https:\/\/www.inkston.com\/community\/#\/schema\/logo\/image\/\",\"url\":\"https:\/\/www.inkston.com\/wp-content\/uploads\/sites\/2\/2017\/08\/inkston-logo-tr-300x114.png\",\"contentUrl\":\"https:\/\/www.inkston.com\/wp-content\/uploads\/sites\/2\/2017\/08\/inkston-logo-tr-300x114.png\",\"width\":300,\"height\":114,\"caption\":\"Inkston\"},\"image\":{\"@id\":\"https:\/\/www.inkston.com\/community\/#\/schema\/logo\/image\/\"}}]}<\/script>\n<!-- \/ Yoast SEO plugin. -->","yoast_head_json":{"title":"My Awards on Inkston - Inkston Oriental Art Community","description":"My Awards on Inkston - Awards mean prizes! Check the details of your award for coupons to use to claim gifts and discounts on inkston shop. Please login to see your awards.","robots":{"index":"index","follow":"follow","max-snippet":"max-snippet:-1","max-image-preview":"max-image-preview:large","max-video-preview":"max-video-preview:-1"},"canonical":"https:\/\/www.inkston.com\/community\/my-awards\/","og_locale":"en_GB","og_type":"article","og_title":"My Awards on Inkston - Inkston Oriental Art Community","og_description":"My Awards on Inkston - Awards mean prizes! Check the details of your award for coupons to use to claim gifts and discounts on inkston shop. Please login to see your awards.","og_url":"https:\/\/www.inkston.com\/community\/my-awards\/","og_site_name":"Inkston Oriental Art Community","article_publisher":"https:\/\/www.facebook.com\/theinkston\/","article_modified_time":"2018-06-07T07:31:51+00:00","og_image":[{"url":"https:\/\/www.inkston.com\/no-image.png"}],"twitter_card":"summary_large_image","twitter_site":"@theInkston","twitter_misc":{"Estimated reading time":"1 minute"},"schema":{"@context":"https:\/\/schema.org","@graph":[{"@type":"WebPage","@id":"https:\/\/www.inkston.com\/community\/my-awards\/","url":"https:\/\/www.inkston.com\/community\/my-awards\/","name":"My Awards on Inkston - Inkston Oriental Art Community","isPartOf":{"@id":"https:\/\/www.inkston.com\/community\/#website"},"datePublished":"2017-08-27T01:06:58+00:00","dateModified":"2018-06-07T07:31:51+00:00","description":"My Awards on Inkston - Awards mean prizes! Check the details of your award for coupons to use to claim gifts and discounts on inkston shop. Please login to see your awards.","breadcrumb":{"@id":"https:\/\/www.inkston.com\/community\/my-awards\/#breadcrumb"},"inLanguage":"en-GB","potentialAction":[{"@type":"ReadAction","target":["https:\/\/www.inkston.com\/community\/my-awards\/"]}]},{"@type":"BreadcrumbList","@id":"https:\/\/www.inkston.com\/community\/my-awards\/#breadcrumb","itemListElement":[{"@type":"ListItem","position":1,"name":"Home","item":"https:\/\/www.inkston.com\/community\/"},{"@type":"ListItem","position":2,"name":"My Awards on Inkston"}]},{"@type":"WebSite","@id":"https:\/\/www.inkston.com\/community\/#website","url":"https:\/\/www.inkston.com\/community\/","name":"Inkston Oriental Art Community","description":"community resource provided by Inkston","publisher":{"@id":"https:\/\/www.inkston.com\/community\/#organization"},"potentialAction":[{"@type":"SearchAction","target":{"@type":"EntryPoint","urlTemplate":"https:\/\/www.inkston.com\/community\/?s={search_term_string}"},"query-input":"required name=search_term_string"}],"inLanguage":"en-GB"},{"@type":"Organization","@id":"https:\/\/www.inkston.com\/community\/#organization","name":"Inkston","url":"https:\/\/www.inkston.com\/community\/","sameAs":["https:\/\/www.instagram.com\/theinkston\/","https:\/\/www.linkedin.com\/company\/13259615","https:\/\/www.pinterest.com\/theinkston\/","https:\/\/www.youtube.com\/channel\/UCaN8Fpz-2n6Y32nxopJPEVw","https:\/\/www.facebook.com\/theinkston\/","https:\/\/twitter.com\/theInkston"],"logo":{"@type":"ImageObject","inLanguage":"en-GB","@id":"https:\/\/www.inkston.com\/community\/#\/schema\/logo\/image\/","url":"https:\/\/www.inkston.com\/wp-content\/uploads\/sites\/2\/2017\/08\/inkston-logo-tr-300x114.png","contentUrl":"https:\/\/www.inkston.com\/wp-content\/uploads\/sites\/2\/2017\/08\/inkston-logo-tr-300x114.png","width":300,"height":114,"caption":"Inkston"},"image":{"@id":"https:\/\/www.inkston.com\/community\/#\/schema\/logo\/image\/"}}]}},"_links":{"self":[{"href":"https:\/\/www.inkston.com\/community\/wp-json\/wp\/v2\/pages\/14035"}],"collection":[{"href":"https:\/\/www.inkston.com\/community\/wp-json\/wp\/v2\/pages"}],"about":[{"href":"https:\/\/www.inkston.com\/community\/wp-json\/wp\/v2\/types\/page"}],"author":[{"embeddable":true,"href":"https:\/\/www.inkston.com\/community\/wp-json\/wp\/v2\/users\/1"}],"replies":[{"embeddable":true,"href":"https:\/\/www.inkston.com\/community\/wp-json\/wp\/v2\/comments?post=14035"}],"version-history":[{"count":5,"href":"https:\/\/www.inkston.com\/community\/wp-json\/wp\/v2\/pages\/14035\/revisions"}],"predecessor-version":[{"id":19061,"href":"https:\/\/www.inkston.com\/community\/wp-json\/wp\/v2\/pages\/14035\/revisions\/19061"}],"wp:attachment":[{"href":"https:\/\/www.inkston.com\/community\/wp-json\/wp\/v2\/media?parent=14035"}],"curies":[{"name":"wp","href":"https:\/\/api.w.org\/{rel}","templated":true}]}}