{"id":18363,"date":"2018-02-25T02:41:08","date_gmt":"2018-02-25T02:41:08","guid":{"rendered":"https:\/\/www.inkston.com\/community\/calendar\/"},"modified":"2018-05-23T22:29:20","modified_gmt":"2018-05-23T21:29:20","slug":"calendar","status":"publish","type":"page","link":"https:\/\/www.inkston.com\/community\/calendar\/","title":{"rendered":"Oriental Art Calendar"},"content":{"rendered":"<div class=\"lang en deu\">All events related to oriental art.  <span class=\"hide-if-logged-in\">Please <a href=\"https:\/\/www.inkston.com\/my-account\/?redirect=https%3A%2F%2Fwww.inkston.com%2Fcommunity%2Fcalendar%2F\">login to add your own event<\/a>.<\/span><span class=\"hide-if-logged-out\"><a href=\"https:\/\/www.inkston.com\/community\/wp-admin\/post-new.php?post_type=ai1ec_event\">Submit your own event<\/a>.<\/span><\/div>\n<div class=\"lang fr\">Tous les \u00e9v\u00e9nements li\u00e9s \u00e0 l&#8217;art oriental.  <span class=\"hide-if-logged-in\">S&#8217;il vous pla\u00eet <a href=\"https:\/\/www.inkston.com\/fr\/mon-compte\/?redirect=https%3A%2F%2Fwww.inkston.com%2Fcommunity%2Fcalendar%2F\">connectez-vous pour ajouter votre propre \u00e9v\u00e9nement<\/a>.<\/span><span class=\"hide-if-logged-out\"><a href=\"https:\/\/www.inkston.com\/community\/wp-admin\/post-new.php?post_type=ai1ec_event\">Soumettez votre propre \u00e9v\u00e9nement<\/a>.<\/span><\/div>\n<div class=\"lang es\">Todos los eventos relacionados con el arte oriental. <span class=\"hide-if-logged-in\">Por favor <a href=\"https:\/\/www.inkston.com\/es\/mi-cuenta\/?redirect=https%3A%2F%2Fwww.inkston.com%2Fcommunity%2Fcalendar%2F\">inicie sesi\u00f3n para agregar su propio evento <\/a>.<\/span><span class=\"hide-if-logged-out\"><a href=\"https:\/\/www.inkston.com\/community\/wp-admin\/post-new.php?post_type=ai1ec_event\">Env\u00ede su propio evento<\/a>.<\/span><\/div>\n","protected":false},"excerpt":{"rendered":"<p>All events related to oriental art. Please login to add your own event.Submit your own event. Tous les \u00e9v\u00e9nements li\u00e9s \u00e0 l&#8217;art oriental. S&#8217;il vous pla\u00eet connectez-vous pour ajouter votre propre \u00e9v\u00e9nement.Soumettez votre propre \u00e9v\u00e9nement&#8230;.<\/p>\n","protected":false},"author":1,"featured_media":0,"parent":0,"menu_order":0,"comment_status":"closed","ping_status":"closed","template":"","meta":{"_bbp_topic_count":0,"_bbp_reply_count":0,"_bbp_total_topic_count":0,"_bbp_total_reply_count":0,"_bbp_voice_count":0,"_bbp_anonymous_reply_count":0,"_bbp_topic_count_hidden":0,"_bbp_reply_count_hidden":0,"_bbp_forum_subforum_count":0,"footnotes":""},"yoast_head":"<!-- This site is optimized with the Yoast SEO plugin v19.7.1 - https:\/\/yoast.com\/wordpress\/plugins\/seo\/ -->\n<title>Worldwide Oriental Art Calendar<\/title>\n<meta name=\"description\" content=\"Oriental Art Calendar - All events related to oriental art. Please login to add your own event.Submit your own event. Tous les \u00e9v\u00e9nements li\u00e9s \u00e0 l&#039;art oriental. S&#039;il vous pla\u00eet\" \/>\n<meta name=\"robots\" content=\"index, follow, max-snippet:-1, max-image-preview:large, max-video-preview:-1\" \/>\n<link rel=\"canonical\" href=\"https:\/\/www.inkston.com\/community\/calendar\/\" \/>\n<meta property=\"og:locale\" content=\"en_GB\" \/>\n<meta property=\"og:type\" content=\"article\" \/>\n<meta property=\"og:title\" content=\"Worldwide Oriental Art Calendar\" \/>\n<meta property=\"og:description\" content=\"Oriental Art Calendar - All events related to oriental art. Please login to add your own event.Submit your own event. Tous les \u00e9v\u00e9nements li\u00e9s \u00e0 l&#039;art oriental. S&#039;il vous pla\u00eet\" \/>\n<meta property=\"og:url\" content=\"https:\/\/www.inkston.com\/community\/calendar\/\" \/>\n<meta property=\"og:site_name\" content=\"Inkston Oriental Art Community\" \/>\n<meta property=\"article:publisher\" content=\"https:\/\/www.facebook.com\/theinkston\/\" \/>\n<meta property=\"article:modified_time\" content=\"2018-05-23T21:29:20+00:00\" \/>\n<meta property=\"og:image\" content=\"https:\/\/www.inkston.com\/no-image.png\" \/>\n<meta name=\"twitter:card\" content=\"summary_large_image\" \/>\n<meta name=\"twitter:site\" content=\"@theInkston\" \/>\n<script type=\"application\/ld+json\" class=\"yoast-schema-graph\">{\"@context\":\"https:\/\/schema.org\",\"@graph\":[{\"@type\":\"WebPage\",\"@id\":\"https:\/\/www.inkston.com\/community\/calendar\/\",\"url\":\"https:\/\/www.inkston.com\/community\/calendar\/\",\"name\":\"Worldwide Oriental Art Calendar\",\"isPartOf\":{\"@id\":\"https:\/\/www.inkston.com\/community\/#website\"},\"datePublished\":\"2018-02-25T02:41:08+00:00\",\"dateModified\":\"2018-05-23T21:29:20+00:00\",\"description\":\"Oriental Art Calendar - All events related to oriental art. Please login to add your own event.Submit your own event. Tous les \u00e9v\u00e9nements li\u00e9s \u00e0 l'art oriental. S'il vous pla\u00eet\",\"breadcrumb\":{\"@id\":\"https:\/\/www.inkston.com\/community\/calendar\/#breadcrumb\"},\"inLanguage\":\"en-GB\",\"potentialAction\":[{\"@type\":\"ReadAction\",\"target\":[\"https:\/\/www.inkston.com\/community\/calendar\/\"]}]},{\"@type\":\"BreadcrumbList\",\"@id\":\"https:\/\/www.inkston.com\/community\/calendar\/#breadcrumb\",\"itemListElement\":[{\"@type\":\"ListItem\",\"position\":1,\"name\":\"Home\",\"item\":\"https:\/\/www.inkston.com\/community\/\"},{\"@type\":\"ListItem\",\"position\":2,\"name\":\"Oriental Art Calendar\"}]},{\"@type\":\"WebSite\",\"@id\":\"https:\/\/www.inkston.com\/community\/#website\",\"url\":\"https:\/\/www.inkston.com\/community\/\",\"name\":\"Inkston Oriental Art Community\",\"description\":\"community resource provided by Inkston\",\"publisher\":{\"@id\":\"https:\/\/www.inkston.com\/community\/#organization\"},\"potentialAction\":[{\"@type\":\"SearchAction\",\"target\":{\"@type\":\"EntryPoint\",\"urlTemplate\":\"https:\/\/www.inkston.com\/community\/?s={search_term_string}\"},\"query-input\":\"required name=search_term_string\"}],\"inLanguage\":\"en-GB\"},{\"@type\":\"Organization\",\"@id\":\"https:\/\/www.inkston.com\/community\/#organization\",\"name\":\"Inkston\",\"url\":\"https:\/\/www.inkston.com\/community\/\",\"sameAs\":[\"https:\/\/www.instagram.com\/theinkston\/\",\"https:\/\/www.linkedin.com\/company\/13259615\",\"https:\/\/www.pinterest.com\/theinkston\/\",\"https:\/\/www.youtube.com\/channel\/UCaN8Fpz-2n6Y32nxopJPEVw\",\"https:\/\/www.facebook.com\/theinkston\/\",\"https:\/\/twitter.com\/theInkston\"],\"logo\":{\"@type\":\"ImageObject\",\"inLanguage\":\"en-GB\",\"@id\":\"https:\/\/www.inkston.com\/community\/#\/schema\/logo\/image\/\",\"url\":\"https:\/\/www.inkston.com\/wp-content\/uploads\/sites\/2\/2017\/08\/inkston-logo-tr-300x114.png\",\"contentUrl\":\"https:\/\/www.inkston.com\/wp-content\/uploads\/sites\/2\/2017\/08\/inkston-logo-tr-300x114.png\",\"width\":300,\"height\":114,\"caption\":\"Inkston\"},\"image\":{\"@id\":\"https:\/\/www.inkston.com\/community\/#\/schema\/logo\/image\/\"}}]}<\/script>\n<!-- \/ Yoast SEO plugin. -->","yoast_head_json":{"title":"Worldwide Oriental Art Calendar","description":"Oriental Art Calendar - All events related to oriental art. Please login to add your own event.Submit your own event. Tous les \u00e9v\u00e9nements li\u00e9s \u00e0 l'art oriental. S'il vous pla\u00eet","robots":{"index":"index","follow":"follow","max-snippet":"max-snippet:-1","max-image-preview":"max-image-preview:large","max-video-preview":"max-video-preview:-1"},"canonical":"https:\/\/www.inkston.com\/community\/calendar\/","og_locale":"en_GB","og_type":"article","og_title":"Worldwide Oriental Art Calendar","og_description":"Oriental Art Calendar - All events related to oriental art. Please login to add your own event.Submit your own event. Tous les \u00e9v\u00e9nements li\u00e9s \u00e0 l'art oriental. S'il vous pla\u00eet","og_url":"https:\/\/www.inkston.com\/community\/calendar\/","og_site_name":"Inkston Oriental Art Community","article_publisher":"https:\/\/www.facebook.com\/theinkston\/","article_modified_time":"2018-05-23T21:29:20+00:00","og_image":[{"url":"https:\/\/www.inkston.com\/no-image.png"}],"twitter_card":"summary_large_image","twitter_site":"@theInkston","schema":{"@context":"https:\/\/schema.org","@graph":[{"@type":"WebPage","@id":"https:\/\/www.inkston.com\/community\/calendar\/","url":"https:\/\/www.inkston.com\/community\/calendar\/","name":"Worldwide Oriental Art Calendar","isPartOf":{"@id":"https:\/\/www.inkston.com\/community\/#website"},"datePublished":"2018-02-25T02:41:08+00:00","dateModified":"2018-05-23T21:29:20+00:00","description":"Oriental Art Calendar - All events related to oriental art. Please login to add your own event.Submit your own event. Tous les \u00e9v\u00e9nements li\u00e9s \u00e0 l'art oriental. S'il vous pla\u00eet","breadcrumb":{"@id":"https:\/\/www.inkston.com\/community\/calendar\/#breadcrumb"},"inLanguage":"en-GB","potentialAction":[{"@type":"ReadAction","target":["https:\/\/www.inkston.com\/community\/calendar\/"]}]},{"@type":"BreadcrumbList","@id":"https:\/\/www.inkston.com\/community\/calendar\/#breadcrumb","itemListElement":[{"@type":"ListItem","position":1,"name":"Home","item":"https:\/\/www.inkston.com\/community\/"},{"@type":"ListItem","position":2,"name":"Oriental Art Calendar"}]},{"@type":"WebSite","@id":"https:\/\/www.inkston.com\/community\/#website","url":"https:\/\/www.inkston.com\/community\/","name":"Inkston Oriental Art Community","description":"community resource provided by Inkston","publisher":{"@id":"https:\/\/www.inkston.com\/community\/#organization"},"potentialAction":[{"@type":"SearchAction","target":{"@type":"EntryPoint","urlTemplate":"https:\/\/www.inkston.com\/community\/?s={search_term_string}"},"query-input":"required name=search_term_string"}],"inLanguage":"en-GB"},{"@type":"Organization","@id":"https:\/\/www.inkston.com\/community\/#organization","name":"Inkston","url":"https:\/\/www.inkston.com\/community\/","sameAs":["https:\/\/www.instagram.com\/theinkston\/","https:\/\/www.linkedin.com\/company\/13259615","https:\/\/www.pinterest.com\/theinkston\/","https:\/\/www.youtube.com\/channel\/UCaN8Fpz-2n6Y32nxopJPEVw","https:\/\/www.facebook.com\/theinkston\/","https:\/\/twitter.com\/theInkston"],"logo":{"@type":"ImageObject","inLanguage":"en-GB","@id":"https:\/\/www.inkston.com\/community\/#\/schema\/logo\/image\/","url":"https:\/\/www.inkston.com\/wp-content\/uploads\/sites\/2\/2017\/08\/inkston-logo-tr-300x114.png","contentUrl":"https:\/\/www.inkston.com\/wp-content\/uploads\/sites\/2\/2017\/08\/inkston-logo-tr-300x114.png","width":300,"height":114,"caption":"Inkston"},"image":{"@id":"https:\/\/www.inkston.com\/community\/#\/schema\/logo\/image\/"}}]}},"_links":{"self":[{"href":"https:\/\/www.inkston.com\/community\/wp-json\/wp\/v2\/pages\/18363"}],"collection":[{"href":"https:\/\/www.inkston.com\/community\/wp-json\/wp\/v2\/pages"}],"about":[{"href":"https:\/\/www.inkston.com\/community\/wp-json\/wp\/v2\/types\/page"}],"author":[{"embeddable":true,"href":"https:\/\/www.inkston.com\/community\/wp-json\/wp\/v2\/users\/1"}],"replies":[{"embeddable":true,"href":"https:\/\/www.inkston.com\/community\/wp-json\/wp\/v2\/comments?post=18363"}],"version-history":[{"count":5,"href":"https:\/\/www.inkston.com\/community\/wp-json\/wp\/v2\/pages\/18363\/revisions"}],"predecessor-version":[{"id":18980,"href":"https:\/\/www.inkston.com\/community\/wp-json\/wp\/v2\/pages\/18363\/revisions\/18980"}],"wp:attachment":[{"href":"https:\/\/www.inkston.com\/community\/wp-json\/wp\/v2\/media?parent=18363"}],"curies":[{"name":"wp","href":"https:\/\/api.w.org\/{rel}","templated":true}]}}