{"id":19048,"date":"2018-06-06T23:10:27","date_gmt":"2018-06-06T22:10:27","guid":{"rendered":"https:\/\/www.inkston.com\/community\/?page_id=19048"},"modified":"2018-12-29T12:51:01","modified_gmt":"2018-12-29T12:51:01","slug":"rules","status":"publish","type":"page","link":"https:\/\/www.inkston.com\/community\/rules\/","title":{"rendered":"Rules"},"content":{"rendered":"<div class=\"lang en de\">\n<h2 class=\"page-title entry-title\">Inkston Community Rules<\/h2>\n<p>Inkston Oriental Art Community site is governed by the same general\u00a0<a href=\"https:\/\/www.inkston.com\/inkston-oriental-arts-materials\/conditions\/\">Terms and Conditions<\/a>\u00a0and\u00a0<a href=\"https:\/\/www.inkston.com\/inkston-oriental-arts-materials\/privacy-policy\/\">Privacy Policy<\/a>\u00a0as the rest of the inkston site.<\/p>\n<p>Key points to note are:<\/p>\n<ul>\n<li>No offensive material: As a Contributor you agree\u00a0to abide by the\u00a0<a href=\"https:\/\/www.inkston.com\/contributor-guidelines\/\">Contributor Guidelines<\/a>, this means avoid submitting content which is prohibited or offensive.<\/li>\n<li>No impersonation: Impersonation is not allowed.\u00a0 If you are submitting an artist listing you should be the artist or have permission to represent the artist or studio for whom you are submitting information.<\/li>\n<li>Permission and attribution: You should have permission to share the content submitted, and you should grant permission to share the content with attribution.\u00a0 See\u00a0<a href=\"https:\/\/www.inkston.com\/inkston-oriental-arts-materials\/conditions\/\">Terms and Conditions<\/a>\u00a0sections on Contributor Responsibility and Content ownership and reproduction.<\/li>\n<li>You grant permission to Inkston to help you promote your listings and discussions to search engines and Inkston social media channels.<\/li>\n<\/ul>\n<h2>See also<\/h2>\n<ul>\n<li><a href=\"https:\/\/www.inkston.com\/inkston-oriental-arts-materials\/about\/\">About Inkston<\/a><\/li>\n<li><a href=\"https:\/\/www.inkston.com\/inkston-oriental-arts-materials\/privacy-policy\/\">Privacy Policy<\/a><\/li>\n<li><a href=\"https:\/\/www.inkston.com\/inkston-oriental-arts-materials\/conditions\/\">Terms and Conditions<\/a><\/li>\n<li><a href=\"https:\/\/www.inkston.com\/contributor-guidelines\/\">Contributor Guidelines<\/a><\/li>\n<\/ul>\n<\/div>\n<div class=\"lang es\">\n<h2 class=\"page-title entry-title\">Normas de la Comunidad de Inkston<\/h2>\n<p>El sitio de Inkston Communidad se rige por los mismos\u00a0<a href=\"https:\/\/www.inkston.com\/es\/inkston-arte-y-artesania-oriental\/terminos-y-condiciones\/\">T\u00e9rminos y Condiciones<\/a>\u00a0generales y\u00a0<a href=\"https:\/\/www.inkston.com\/es\/inkston-arte-y-artesania-oriental\/politica-de-privacidad\/\">Pol\u00edtica de privacidad<\/a>\u00a0que el resto del sitio de inkston.<\/p>\n<p>Puntos clave a tener en cuenta son:<\/p>\n<ul>\n<li>Como contribuyente, usted acepta cumplir con las\u00a0<a href=\"https:\/\/www.inkston.com\/es\/contribuyentes\/\">Normas del Contribuyente<\/a>, esto significa evitar el env\u00edo de contenido prohibido u ofensivo.<\/li>\n<li>La suplantaci\u00f3n de identidad no est\u00e1 permitida. Usted debe ser el artista o tener permiso para representar el estudio para el que est\u00e1 enviando informaci\u00f3n.<\/li>\n<li>Debe tener permiso para compartir el contenido enviado y debe conceder permiso para compartir el contenido con la atribuci\u00f3n. Vea las secciones de\u00a0<a href=\"https:\/\/www.inkston.com\/es\/inkston-arte-y-artesania-oriental\/terminos-y-condiciones\/\">T\u00e9rminos y Condiciones<\/a>\u00a0sobre la Responsabilidad del Colaborador y la propiedad y reproducci\u00f3n del Contenido.<\/li>\n<li>Usted otorga permiso a Inkston para ayudarlo a promocionar sus anuncios a los motores de b\u00fasqueda y canales de medios sociales de Inkston.<\/li>\n<\/ul>\n<h2>Vea tambi\u00e9n<\/h2>\n<ul>\n<li><a href=\"https:\/\/www.inkston.com\/es\/inkston-arte-y-artesania-oriental\/la-historia-de-inkston\/\">Acerca de Inkston<\/a><\/li>\n<li><a href=\"https:\/\/www.inkston.com\/es\/inkston-arte-y-artesania-oriental\/politica-de-privacidad\/\">Pol\u00edtica de privacidad<\/a><\/li>\n<li><a href=\"https:\/\/www.inkston.com\/es\/inkston-arte-y-artesania-oriental\/terminos-y-condiciones\/\">T\u00e9rminos y Condiciones<\/a><\/li>\n<li><a href=\"https:\/\/www.inkston.com\/es\/contribuyentes\/\">Directrices para los Contribuyentes<\/a><\/li>\n<\/ul>\n<\/div>\n<div class=\"lang fr\">\n<h2 class=\"page-title entry-title\">R\u00e8gles de la communaut\u00e9 Inkston<\/h2>\n<p>Le site Inkston Community est r\u00e9gi par les m\u00eames\u00a0<a href=\"https:\/\/www.inkston.com\/fr\/portail\/termes-et-conditions\/\">Conditions G\u00e9n\u00e9rales<\/a>\u00a0et\u00a0<a href=\"https:\/\/www.inkston.com\/fr\/portail\/politique-de-confidentialite\/\">Politique de Confidentialit\u00e9<\/a>\u00a0que le reste du site inkston.<\/p>\n<p>Les principaux points \u00e0 noter sont les suivants:<\/p>\n<ul>\n<li>En tant que contributeur, vous acceptez de respecter\u00a0<a href=\"https:\/\/www.inkston.com\/contributor-guidelines\/\">les lignes directrices du contributeur<\/a>, cela signifie \u00e9viter de soumettre un contenu interdit ou offensant.<\/li>\n<li>L\u2019emprunt d\u2019identit\u00e9 n\u2019est pas autoris\u00e9. Vous devriez \u00eatre l\u2019artiste ou avoir la permission de repr\u00e9senter le studio pour lequel vous soumettez des informations.<\/li>\n<li>Vous devriez avoir la permission de partager le contenu soumis, et vous devriez accorder l\u2019autorisation de partager le contenu avec l\u2019attribution. Voir les sections sur les\u00a0<a href=\"https:\/\/www.inkston.com\/fr\/portail\/termes-et-conditions\/\">termes et conditions<\/a>\u00a0sur la responsabilit\u00e9 du contributeur et la propri\u00e9t\u00e9 et la reproduction du contenu.<\/li>\n<li>Vous accordez l\u2019autorisation \u00e0 Inkston de vous aider \u00e0 promouvoir votre inscription aux moteurs de recherche et aux cha\u00eenes de m\u00e9dias sociaux d\u2019Inkston.<\/li>\n<\/ul>\n<h2>Voir aussi<\/h2>\n<ul>\n<li><a href=\"https:\/\/www.inkston.com\/fr\/portail\/histoire-inkston\/\">\u00c0 propos de Inkston<\/a><\/li>\n<li><a href=\"https:\/\/www.inkston.com\/fr\/portail\/politique-de-confidentialite\/\">Politique de Confidentialit\u00e9<\/a><\/li>\n<li><a href=\"https:\/\/www.inkston.com\/fr\/portail\/termes-et-conditions\/\">Conditions G\u00e9n\u00e9rales<\/a><\/li>\n<li><a href=\"https:\/\/www.inkston.com\/fr\/regles-pour-les-contributeurs\/\">R\u00e8gles pour les Contributeurs<\/a><\/li>\n<\/ul>\n<\/div>\n","protected":false},"excerpt":{"rendered":"<p>Inkston Community Rules Inkston Oriental Art Community site is governed by the same general\u00a0Terms and Conditions\u00a0and\u00a0Privacy Policy\u00a0as the rest of the inkston site. Key points to note are: No offensive material: As a Contributor you&#8230;<\/p>\n","protected":false},"author":1,"featured_media":0,"parent":0,"menu_order":0,"comment_status":"closed","ping_status":"closed","template":"","meta":{"_bbp_topic_count":0,"_bbp_reply_count":0,"_bbp_total_topic_count":0,"_bbp_total_reply_count":0,"_bbp_voice_count":0,"_bbp_anonymous_reply_count":0,"_bbp_topic_count_hidden":0,"_bbp_reply_count_hidden":0,"_bbp_forum_subforum_count":0,"footnotes":""},"yoast_head":"<!-- This site is optimized with the Yoast SEO plugin v19.7.1 - https:\/\/yoast.com\/wordpress\/plugins\/seo\/ -->\n<title>Rules - Inkston Oriental Art Community<\/title>\n<meta name=\"description\" content=\"Rules - Inkston Community Rules Inkston Oriental Art Community site is governed by the same general\u00a0Terms and Conditions\u00a0and\u00a0Privacy Policy\u00a0as the rest of the\" \/>\n<meta name=\"robots\" content=\"index, follow, max-snippet:-1, max-image-preview:large, max-video-preview:-1\" \/>\n<link rel=\"canonical\" href=\"https:\/\/www.inkston.com\/community\/rules\/\" \/>\n<meta property=\"og:locale\" content=\"en_GB\" \/>\n<meta property=\"og:type\" content=\"article\" \/>\n<meta property=\"og:title\" content=\"Rules - Inkston Oriental Art Community\" \/>\n<meta property=\"og:description\" content=\"Rules - Inkston Community Rules Inkston Oriental Art Community site is governed by the same general\u00a0Terms and Conditions\u00a0and\u00a0Privacy Policy\u00a0as the rest of the\" \/>\n<meta property=\"og:url\" content=\"https:\/\/www.inkston.com\/community\/rules\/\" \/>\n<meta property=\"og:site_name\" content=\"Inkston Oriental Art Community\" \/>\n<meta property=\"article:publisher\" content=\"https:\/\/www.facebook.com\/theinkston\/\" \/>\n<meta property=\"article:modified_time\" content=\"2018-12-29T12:51:01+00:00\" \/>\n<meta property=\"og:image\" content=\"https:\/\/www.inkston.com\/no-image.png\" \/>\n<meta name=\"twitter:card\" content=\"summary_large_image\" \/>\n<meta name=\"twitter:site\" content=\"@theInkston\" \/>\n<meta name=\"twitter:label1\" content=\"Estimated reading time\" \/>\n\t<meta name=\"twitter:data1\" content=\"3 minutes\" \/>\n<script type=\"application\/ld+json\" class=\"yoast-schema-graph\">{\"@context\":\"https:\/\/schema.org\",\"@graph\":[{\"@type\":\"WebPage\",\"@id\":\"https:\/\/www.inkston.com\/community\/rules\/\",\"url\":\"https:\/\/www.inkston.com\/community\/rules\/\",\"name\":\"Rules - Inkston Oriental Art Community\",\"isPartOf\":{\"@id\":\"https:\/\/www.inkston.com\/community\/#website\"},\"datePublished\":\"2018-06-06T22:10:27+00:00\",\"dateModified\":\"2018-12-29T12:51:01+00:00\",\"description\":\"Rules - Inkston Community Rules Inkston Oriental Art Community site is governed by the same general\u00a0Terms and Conditions\u00a0and\u00a0Privacy Policy\u00a0as the rest of the\",\"breadcrumb\":{\"@id\":\"https:\/\/www.inkston.com\/community\/rules\/#breadcrumb\"},\"inLanguage\":\"en-GB\",\"potentialAction\":[{\"@type\":\"ReadAction\",\"target\":[\"https:\/\/www.inkston.com\/community\/rules\/\"]}]},{\"@type\":\"BreadcrumbList\",\"@id\":\"https:\/\/www.inkston.com\/community\/rules\/#breadcrumb\",\"itemListElement\":[{\"@type\":\"ListItem\",\"position\":1,\"name\":\"Home\",\"item\":\"https:\/\/www.inkston.com\/community\/\"},{\"@type\":\"ListItem\",\"position\":2,\"name\":\"Rules\"}]},{\"@type\":\"WebSite\",\"@id\":\"https:\/\/www.inkston.com\/community\/#website\",\"url\":\"https:\/\/www.inkston.com\/community\/\",\"name\":\"Inkston Oriental Art Community\",\"description\":\"community resource provided by Inkston\",\"publisher\":{\"@id\":\"https:\/\/www.inkston.com\/community\/#organization\"},\"potentialAction\":[{\"@type\":\"SearchAction\",\"target\":{\"@type\":\"EntryPoint\",\"urlTemplate\":\"https:\/\/www.inkston.com\/community\/?s={search_term_string}\"},\"query-input\":\"required name=search_term_string\"}],\"inLanguage\":\"en-GB\"},{\"@type\":\"Organization\",\"@id\":\"https:\/\/www.inkston.com\/community\/#organization\",\"name\":\"Inkston\",\"url\":\"https:\/\/www.inkston.com\/community\/\",\"sameAs\":[\"https:\/\/www.instagram.com\/theinkston\/\",\"https:\/\/www.linkedin.com\/company\/13259615\",\"https:\/\/www.pinterest.com\/theinkston\/\",\"https:\/\/www.youtube.com\/channel\/UCaN8Fpz-2n6Y32nxopJPEVw\",\"https:\/\/www.facebook.com\/theinkston\/\",\"https:\/\/twitter.com\/theInkston\"],\"logo\":{\"@type\":\"ImageObject\",\"inLanguage\":\"en-GB\",\"@id\":\"https:\/\/www.inkston.com\/community\/#\/schema\/logo\/image\/\",\"url\":\"https:\/\/www.inkston.com\/wp-content\/uploads\/sites\/2\/2017\/08\/inkston-logo-tr-300x114.png\",\"contentUrl\":\"https:\/\/www.inkston.com\/wp-content\/uploads\/sites\/2\/2017\/08\/inkston-logo-tr-300x114.png\",\"width\":300,\"height\":114,\"caption\":\"Inkston\"},\"image\":{\"@id\":\"https:\/\/www.inkston.com\/community\/#\/schema\/logo\/image\/\"}}]}<\/script>\n<!-- \/ Yoast SEO plugin. -->","yoast_head_json":{"title":"Rules - Inkston Oriental Art Community","description":"Rules - Inkston Community Rules Inkston Oriental Art Community site is governed by the same general\u00a0Terms and Conditions\u00a0and\u00a0Privacy Policy\u00a0as the rest of the","robots":{"index":"index","follow":"follow","max-snippet":"max-snippet:-1","max-image-preview":"max-image-preview:large","max-video-preview":"max-video-preview:-1"},"canonical":"https:\/\/www.inkston.com\/community\/rules\/","og_locale":"en_GB","og_type":"article","og_title":"Rules - Inkston Oriental Art Community","og_description":"Rules - Inkston Community Rules Inkston Oriental Art Community site is governed by the same general\u00a0Terms and Conditions\u00a0and\u00a0Privacy Policy\u00a0as the rest of the","og_url":"https:\/\/www.inkston.com\/community\/rules\/","og_site_name":"Inkston Oriental Art Community","article_publisher":"https:\/\/www.facebook.com\/theinkston\/","article_modified_time":"2018-12-29T12:51:01+00:00","og_image":[{"url":"https:\/\/www.inkston.com\/no-image.png"}],"twitter_card":"summary_large_image","twitter_site":"@theInkston","twitter_misc":{"Estimated reading time":"3 minutes"},"schema":{"@context":"https:\/\/schema.org","@graph":[{"@type":"WebPage","@id":"https:\/\/www.inkston.com\/community\/rules\/","url":"https:\/\/www.inkston.com\/community\/rules\/","name":"Rules - Inkston Oriental Art Community","isPartOf":{"@id":"https:\/\/www.inkston.com\/community\/#website"},"datePublished":"2018-06-06T22:10:27+00:00","dateModified":"2018-12-29T12:51:01+00:00","description":"Rules - Inkston Community Rules Inkston Oriental Art Community site is governed by the same general\u00a0Terms and Conditions\u00a0and\u00a0Privacy Policy\u00a0as the rest of the","breadcrumb":{"@id":"https:\/\/www.inkston.com\/community\/rules\/#breadcrumb"},"inLanguage":"en-GB","potentialAction":[{"@type":"ReadAction","target":["https:\/\/www.inkston.com\/community\/rules\/"]}]},{"@type":"BreadcrumbList","@id":"https:\/\/www.inkston.com\/community\/rules\/#breadcrumb","itemListElement":[{"@type":"ListItem","position":1,"name":"Home","item":"https:\/\/www.inkston.com\/community\/"},{"@type":"ListItem","position":2,"name":"Rules"}]},{"@type":"WebSite","@id":"https:\/\/www.inkston.com\/community\/#website","url":"https:\/\/www.inkston.com\/community\/","name":"Inkston Oriental Art Community","description":"community resource provided by Inkston","publisher":{"@id":"https:\/\/www.inkston.com\/community\/#organization"},"potentialAction":[{"@type":"SearchAction","target":{"@type":"EntryPoint","urlTemplate":"https:\/\/www.inkston.com\/community\/?s={search_term_string}"},"query-input":"required name=search_term_string"}],"inLanguage":"en-GB"},{"@type":"Organization","@id":"https:\/\/www.inkston.com\/community\/#organization","name":"Inkston","url":"https:\/\/www.inkston.com\/community\/","sameAs":["https:\/\/www.instagram.com\/theinkston\/","https:\/\/www.linkedin.com\/company\/13259615","https:\/\/www.pinterest.com\/theinkston\/","https:\/\/www.youtube.com\/channel\/UCaN8Fpz-2n6Y32nxopJPEVw","https:\/\/www.facebook.com\/theinkston\/","https:\/\/twitter.com\/theInkston"],"logo":{"@type":"ImageObject","inLanguage":"en-GB","@id":"https:\/\/www.inkston.com\/community\/#\/schema\/logo\/image\/","url":"https:\/\/www.inkston.com\/wp-content\/uploads\/sites\/2\/2017\/08\/inkston-logo-tr-300x114.png","contentUrl":"https:\/\/www.inkston.com\/wp-content\/uploads\/sites\/2\/2017\/08\/inkston-logo-tr-300x114.png","width":300,"height":114,"caption":"Inkston"},"image":{"@id":"https:\/\/www.inkston.com\/community\/#\/schema\/logo\/image\/"}}]}},"_links":{"self":[{"href":"https:\/\/www.inkston.com\/community\/wp-json\/wp\/v2\/pages\/19048"}],"collection":[{"href":"https:\/\/www.inkston.com\/community\/wp-json\/wp\/v2\/pages"}],"about":[{"href":"https:\/\/www.inkston.com\/community\/wp-json\/wp\/v2\/types\/page"}],"author":[{"embeddable":true,"href":"https:\/\/www.inkston.com\/community\/wp-json\/wp\/v2\/users\/1"}],"replies":[{"embeddable":true,"href":"https:\/\/www.inkston.com\/community\/wp-json\/wp\/v2\/comments?post=19048"}],"version-history":[{"count":2,"href":"https:\/\/www.inkston.com\/community\/wp-json\/wp\/v2\/pages\/19048\/revisions"}],"predecessor-version":[{"id":19613,"href":"https:\/\/www.inkston.com\/community\/wp-json\/wp\/v2\/pages\/19048\/revisions\/19613"}],"wp:attachment":[{"href":"https:\/\/www.inkston.com\/community\/wp-json\/wp\/v2\/media?parent=19048"}],"curies":[{"name":"wp","href":"https:\/\/api.w.org\/{rel}","templated":true}]}}