{"id":2,"date":"2017-08-18T08:57:02","date_gmt":"2017-08-18T07:57:02","guid":{"rendered":"https:\/\/www.inkston.com\/community\/?page_id=2"},"modified":"2018-12-29T13:13:11","modified_gmt":"2018-12-29T13:13:11","slug":"sample-page","status":"publish","type":"page","link":"https:\/\/www.inkston.com\/community\/","title":{"rendered":"Welcome"},"content":{"rendered":"<div class=\"lang en deu\">Welcome to the art Community!\u00a0 a free resource for you to\u00a0browse and participate:<\/p>\n<ul>\n<li><a href=\"https:\/\/www.inkston.com\/community\/directory\/\">listing pages for artists and schools<\/a><\/li>\n<li><a href=\"https:\/\/www.inkston.com\/community\/calendar\/\">art events<\/a><\/li>\n<li><a href=\"https:\/\/www.inkston.com\/community\/forums\/\">forum discussions<\/a> about East Asian arts.<\/li>\n<\/ul>\n<p>Please remember this is a site for people from many different countries and cultures and so only post information which is respectful and keep this a fun and useful resource for everyone.\u00a0Participation implies acceptance of the rules as updated from time to time on the <a href=\"https:\/\/www.inkston.com\/community\/rules\/\">Community Rules<\/a>.<\/p>\n<\/div>\n<div class=\"lang es\">Bienvenido a la comunidad! Este es un sitio gratuito donde puedes buscar o agregar tus propios<\/p>\n<ul>\n<li><a href=\"https:\/\/www.inkston.com\/community\/calendar\/\">eventos<\/a> y<\/li>\n<li><a href=\"https:\/\/www.inkston.com\/community\/directory\/\">anuncios de artistas<\/a><\/li>\n<li><a href=\"https:\/\/www.inkston.com\/community\/forums\/\">discusiones del foro<\/a> sobre artes orientales.<\/li>\n<\/ul>\n<p>Recuerde que este es un sitio para personas de diferentes pa\u00edses y culturas, por lo que solo debe publicar informaci\u00f3n que sea respetuosa y aceptable para todos. La participaci\u00f3n implica la aceptaci\u00f3n de las reglas actualizadas de vez en cuando en las <a href=\"https:\/\/www.inkston.com\/community\/rules\/\"> Normas de la Comunidad <\/a>.<\/p>\n<\/div>\n<div class=\"lang fr\">Bienvenue \u00e0 la communaut\u00e9! Ceci est un site gratuit o\u00f9 vous pouvez parcourir ou r\u00e9pertorier votre propre<\/p>\n<ul>\n<li><a href=\"https:\/\/www.inkston.com\/community\/calendar\/\">\u00e9v\u00e9nements<\/a> et<\/li>\n<li><a href=\"https:\/\/www.inkston.com\/community\/directory\/\">listes d&#8217;artistes<\/a> et rejoindre les<\/li>\n<li><a href=\"https:\/\/www.inkston.com\/community\/forums\/\">discussions du forum<\/a> sur les arts orientaux.<\/li>\n<\/ul>\n<p>S&#8217;il vous pla\u00eet rappelez-vous ceci est un site pour des personnes de beaucoup de diff\u00e9rents pays et cultures et ainsi publient seulement l&#8217;information qui est respectueuse et acceptable pour chacun. La participation implique l&#8217;acceptation des r\u00e8gles mises \u00e0 jour de temps en temps sur les pages <a href=\"https:\/\/www.inkston.com\/community\/rules\/\">R\u00e8gles de la communaut\u00e9<\/a>.<\/p>\n<\/div>\n<p><a href=\"https:\/\/www.inkston.com\/community\/forums\/\" rel=\"attachment wp-att-12787\"><img decoding=\"async\" loading=\"lazy\" class=\"aligncenter wp-image-12787 size-medium\" title=\"Join the discussion!\" src=\"https:\/\/www.inkston.com\/wp-content\/uploads\/sites\/2\/2017\/08\/inkston-community-300x169.jpg\" alt=\"\" width=\"300\" height=\"169\" srcset=\"https:\/\/www.inkston.com\/wp-content\/uploads\/sites\/2\/2017\/08\/inkston-community-300x169.jpg 300w, https:\/\/www.inkston.com\/wp-content\/uploads\/sites\/2\/2017\/08\/inkston-community-768x432.jpg 768w, https:\/\/www.inkston.com\/wp-content\/uploads\/sites\/2\/2017\/08\/inkston-community-1024x576.jpg 1024w, https:\/\/www.inkston.com\/wp-content\/uploads\/sites\/2\/2017\/08\/inkston-community.jpg 1366w\" sizes=\"(max-width: 300px) 100vw, 300px\" \/><\/a><a href=\"https:\/\/www.inkston.com\/community\/directory\/\"><img decoding=\"async\" loading=\"lazy\" class=\"aligncenter wp-image-17405 size-medium\" title=\"Meet the artists!\" src=\"https:\/\/www.inkston.com\/wp-content\/uploads\/sites\/2\/2017\/12\/sunyan-shanshui-300x194.jpg\" alt=\"\" width=\"300\" height=\"194\" srcset=\"https:\/\/www.inkston.com\/wp-content\/uploads\/sites\/2\/2017\/12\/sunyan-shanshui-300x194.jpg 300w, https:\/\/www.inkston.com\/wp-content\/uploads\/sites\/2\/2017\/12\/sunyan-shanshui-768x496.jpg 768w, https:\/\/www.inkston.com\/wp-content\/uploads\/sites\/2\/2017\/12\/sunyan-shanshui-1024x662.jpg 1024w, https:\/\/www.inkston.com\/wp-content\/uploads\/sites\/2\/2017\/12\/sunyan-shanshui-100x65.jpg 100w, https:\/\/www.inkston.com\/wp-content\/uploads\/sites\/2\/2017\/12\/sunyan-shanshui.jpg 1500w\" sizes=\"(max-width: 300px) 100vw, 300px\" \/><\/a><\/p>\n","protected":false},"excerpt":{"rendered":"<p>Welcome to the art Community!\u00a0 a free resource for you to\u00a0browse and participate: listing pages for artists and schools art events forum discussions about East Asian arts. Please remember this is a site for people&#8230;<\/p>\n","protected":false},"author":1,"featured_media":12787,"parent":0,"menu_order":0,"comment_status":"closed","ping_status":"open","template":"","meta":{"_bbp_topic_count":0,"_bbp_reply_count":0,"_bbp_total_topic_count":0,"_bbp_total_reply_count":0,"_bbp_voice_count":0,"_bbp_anonymous_reply_count":0,"_bbp_topic_count_hidden":0,"_bbp_reply_count_hidden":0,"_bbp_forum_subforum_count":0,"footnotes":""},"yoast_head":"<!-- This site is optimized with the Yoast SEO plugin v19.7.1 - https:\/\/yoast.com\/wordpress\/plugins\/seo\/ -->\n<title>Welcome - Inkston Oriental Art Community<\/title>\n<meta name=\"description\" content=\"Welcome - Welcome to the art Community!\u00a0 a free resource for you to\u00a0browse and participate: listing pages for artists and schools art events forum discussions about\" \/>\n<meta name=\"robots\" content=\"index, follow, max-snippet:-1, max-image-preview:large, max-video-preview:-1\" \/>\n<link rel=\"canonical\" href=\"https:\/\/www.inkston.com\/community\/\" \/>\n<meta property=\"og:locale\" content=\"en_GB\" \/>\n<meta property=\"og:type\" content=\"article\" \/>\n<meta property=\"og:title\" content=\"Welcome - Inkston Oriental Art Community\" \/>\n<meta property=\"og:description\" content=\"Welcome - Welcome to the art Community!\u00a0 a free resource for you to\u00a0browse and participate: listing pages for artists and schools art events forum discussions about\" \/>\n<meta property=\"og:url\" content=\"https:\/\/www.inkston.com\/community\/\" \/>\n<meta property=\"og:site_name\" content=\"Inkston Oriental Art Community\" \/>\n<meta property=\"article:publisher\" content=\"https:\/\/www.facebook.com\/theinkston\/\" \/>\n<meta property=\"article:modified_time\" content=\"2018-12-29T13:13:11+00:00\" \/>\n<meta property=\"og:image\" content=\"https:\/\/www.inkston.com\/wp-content\/uploads\/sites\/2\/2017\/08\/inkston-community.jpg\" \/>\n\t<meta property=\"og:image:width\" content=\"1366\" \/>\n\t<meta property=\"og:image:height\" content=\"768\" \/>\n\t<meta property=\"og:image:type\" content=\"image\/jpeg\" \/>\n<meta name=\"twitter:card\" content=\"summary_large_image\" \/>\n<meta name=\"twitter:site\" content=\"@theInkston\" \/>\n<meta name=\"twitter:label1\" content=\"Estimated reading time\" \/>\n\t<meta name=\"twitter:data1\" content=\"1 minute\" \/>\n<script type=\"application\/ld+json\" class=\"yoast-schema-graph\">{\"@context\":\"https:\/\/schema.org\",\"@graph\":[{\"@type\":\"WebPage\",\"@id\":\"https:\/\/www.inkston.com\/community\/\",\"url\":\"https:\/\/www.inkston.com\/community\/\",\"name\":\"Welcome - Inkston Oriental Art Community\",\"isPartOf\":{\"@id\":\"https:\/\/www.inkston.com\/community\/#website\"},\"datePublished\":\"2017-08-18T07:57:02+00:00\",\"dateModified\":\"2018-12-29T13:13:11+00:00\",\"description\":\"Welcome - Welcome to the art Community!\u00a0 a free resource for you to\u00a0browse and participate: listing pages for artists and schools art events forum discussions about\",\"breadcrumb\":{\"@id\":\"https:\/\/www.inkston.com\/community\/#breadcrumb\"},\"inLanguage\":\"en-GB\",\"potentialAction\":[{\"@type\":\"ReadAction\",\"target\":[\"https:\/\/www.inkston.com\/community\/\"]}]},{\"@type\":\"BreadcrumbList\",\"@id\":\"https:\/\/www.inkston.com\/community\/#breadcrumb\",\"itemListElement\":[{\"@type\":\"ListItem\",\"position\":1,\"name\":\"Home\",\"item\":\"https:\/\/www.inkston.com\/community\/\"},{\"@type\":\"ListItem\",\"position\":2,\"name\":\"Welcome\"}]},{\"@type\":\"WebSite\",\"@id\":\"https:\/\/www.inkston.com\/community\/#website\",\"url\":\"https:\/\/www.inkston.com\/community\/\",\"name\":\"Inkston Oriental Art Community\",\"description\":\"community resource provided by Inkston\",\"publisher\":{\"@id\":\"https:\/\/www.inkston.com\/community\/#organization\"},\"potentialAction\":[{\"@type\":\"SearchAction\",\"target\":{\"@type\":\"EntryPoint\",\"urlTemplate\":\"https:\/\/www.inkston.com\/community\/?s={search_term_string}\"},\"query-input\":\"required name=search_term_string\"}],\"inLanguage\":\"en-GB\"},{\"@type\":\"Organization\",\"@id\":\"https:\/\/www.inkston.com\/community\/#organization\",\"name\":\"Inkston\",\"url\":\"https:\/\/www.inkston.com\/community\/\",\"sameAs\":[\"https:\/\/www.instagram.com\/theinkston\/\",\"https:\/\/www.linkedin.com\/company\/13259615\",\"https:\/\/www.pinterest.com\/theinkston\/\",\"https:\/\/www.youtube.com\/channel\/UCaN8Fpz-2n6Y32nxopJPEVw\",\"https:\/\/www.facebook.com\/theinkston\/\",\"https:\/\/twitter.com\/theInkston\"],\"logo\":{\"@type\":\"ImageObject\",\"inLanguage\":\"en-GB\",\"@id\":\"https:\/\/www.inkston.com\/community\/#\/schema\/logo\/image\/\",\"url\":\"https:\/\/www.inkston.com\/wp-content\/uploads\/sites\/2\/2017\/08\/inkston-logo-tr-300x114.png\",\"contentUrl\":\"https:\/\/www.inkston.com\/wp-content\/uploads\/sites\/2\/2017\/08\/inkston-logo-tr-300x114.png\",\"width\":300,\"height\":114,\"caption\":\"Inkston\"},\"image\":{\"@id\":\"https:\/\/www.inkston.com\/community\/#\/schema\/logo\/image\/\"}}]}<\/script>\n<!-- \/ Yoast SEO plugin. -->","yoast_head_json":{"title":"Welcome - Inkston Oriental Art Community","description":"Welcome - Welcome to the art Community!\u00a0 a free resource for you to\u00a0browse and participate: listing pages for artists and schools art events forum discussions about","robots":{"index":"index","follow":"follow","max-snippet":"max-snippet:-1","max-image-preview":"max-image-preview:large","max-video-preview":"max-video-preview:-1"},"canonical":"https:\/\/www.inkston.com\/community\/","og_locale":"en_GB","og_type":"article","og_title":"Welcome - Inkston Oriental Art Community","og_description":"Welcome - Welcome to the art Community!\u00a0 a free resource for you to\u00a0browse and participate: listing pages for artists and schools art events forum discussions about","og_url":"https:\/\/www.inkston.com\/community\/","og_site_name":"Inkston Oriental Art Community","article_publisher":"https:\/\/www.facebook.com\/theinkston\/","article_modified_time":"2018-12-29T13:13:11+00:00","og_image":[{"width":1366,"height":768,"url":"https:\/\/www.inkston.com\/wp-content\/uploads\/sites\/2\/2017\/08\/inkston-community.jpg","type":"image\/jpeg"}],"twitter_card":"summary_large_image","twitter_site":"@theInkston","twitter_misc":{"Estimated reading time":"1 minute"},"schema":{"@context":"https:\/\/schema.org","@graph":[{"@type":"WebPage","@id":"https:\/\/www.inkston.com\/community\/","url":"https:\/\/www.inkston.com\/community\/","name":"Welcome - Inkston Oriental Art Community","isPartOf":{"@id":"https:\/\/www.inkston.com\/community\/#website"},"datePublished":"2017-08-18T07:57:02+00:00","dateModified":"2018-12-29T13:13:11+00:00","description":"Welcome - Welcome to the art Community!\u00a0 a free resource for you to\u00a0browse and participate: listing pages for artists and schools art events forum discussions about","breadcrumb":{"@id":"https:\/\/www.inkston.com\/community\/#breadcrumb"},"inLanguage":"en-GB","potentialAction":[{"@type":"ReadAction","target":["https:\/\/www.inkston.com\/community\/"]}]},{"@type":"BreadcrumbList","@id":"https:\/\/www.inkston.com\/community\/#breadcrumb","itemListElement":[{"@type":"ListItem","position":1,"name":"Home","item":"https:\/\/www.inkston.com\/community\/"},{"@type":"ListItem","position":2,"name":"Welcome"}]},{"@type":"WebSite","@id":"https:\/\/www.inkston.com\/community\/#website","url":"https:\/\/www.inkston.com\/community\/","name":"Inkston Oriental Art Community","description":"community resource provided by Inkston","publisher":{"@id":"https:\/\/www.inkston.com\/community\/#organization"},"potentialAction":[{"@type":"SearchAction","target":{"@type":"EntryPoint","urlTemplate":"https:\/\/www.inkston.com\/community\/?s={search_term_string}"},"query-input":"required name=search_term_string"}],"inLanguage":"en-GB"},{"@type":"Organization","@id":"https:\/\/www.inkston.com\/community\/#organization","name":"Inkston","url":"https:\/\/www.inkston.com\/community\/","sameAs":["https:\/\/www.instagram.com\/theinkston\/","https:\/\/www.linkedin.com\/company\/13259615","https:\/\/www.pinterest.com\/theinkston\/","https:\/\/www.youtube.com\/channel\/UCaN8Fpz-2n6Y32nxopJPEVw","https:\/\/www.facebook.com\/theinkston\/","https:\/\/twitter.com\/theInkston"],"logo":{"@type":"ImageObject","inLanguage":"en-GB","@id":"https:\/\/www.inkston.com\/community\/#\/schema\/logo\/image\/","url":"https:\/\/www.inkston.com\/wp-content\/uploads\/sites\/2\/2017\/08\/inkston-logo-tr-300x114.png","contentUrl":"https:\/\/www.inkston.com\/wp-content\/uploads\/sites\/2\/2017\/08\/inkston-logo-tr-300x114.png","width":300,"height":114,"caption":"Inkston"},"image":{"@id":"https:\/\/www.inkston.com\/community\/#\/schema\/logo\/image\/"}}]}},"_links":{"self":[{"href":"https:\/\/www.inkston.com\/community\/wp-json\/wp\/v2\/pages\/2"}],"collection":[{"href":"https:\/\/www.inkston.com\/community\/wp-json\/wp\/v2\/pages"}],"about":[{"href":"https:\/\/www.inkston.com\/community\/wp-json\/wp\/v2\/types\/page"}],"author":[{"embeddable":true,"href":"https:\/\/www.inkston.com\/community\/wp-json\/wp\/v2\/users\/1"}],"replies":[{"embeddable":true,"href":"https:\/\/www.inkston.com\/community\/wp-json\/wp\/v2\/comments?post=2"}],"version-history":[{"count":5,"href":"https:\/\/www.inkston.com\/community\/wp-json\/wp\/v2\/pages\/2\/revisions"}],"predecessor-version":[{"id":13776,"href":"https:\/\/www.inkston.com\/community\/wp-json\/wp\/v2\/pages\/2\/revisions\/13776"}],"wp:featuredmedia":[{"embeddable":true,"href":"https:\/\/www.inkston.com\/community\/wp-json\/wp\/v2\/media\/12787"}],"wp:attachment":[{"href":"https:\/\/www.inkston.com\/community\/wp-json\/wp\/v2\/media?parent=2"}],"curies":[{"name":"wp","href":"https:\/\/api.w.org\/{rel}","templated":true}]}}