{"id":18,"date":"2017-09-09T15:09:37","date_gmt":"2017-09-09T13:09:37","guid":{"rendered":"https:\/\/www.inkston.com\/deu\/?page_id=18"},"modified":"2017-10-19T15:30:55","modified_gmt":"2017-10-19T13:30:55","slug":"faq","status":"publish","type":"page","link":"https:\/\/www.inkston.com\/deu\/faq\/","title":{"rendered":"FAQ"},"content":{"rendered":"<h2><a href=\"https:\/\/www.amazon.de\/s?merchant=A12TNB7RL26RYM\">Inkston Amazon Shop<\/a><\/h2>\n<p>F\u00fcr Produkte, die Sie bei Amazon Deutschland kaufen k\u00f6nnen, beachten Sie bitte die Richtlinien von Amazon Deutschland.\u00a0<a href=\"https:\/\/www.amazon.de\/s?merchant=A12TNB7RL26RYM\">Shop besuchen<\/a>.\u00a0\u00a0<a href=\"https:\/\/www.amazon.de\/gp\/help\/customer\/display.html\/?nodeId=200804690&amp;ref=ag_xx_shel_xx&amp;language=de_DE\">\u00dcber unsere R\u00fcckgabebedingungen<\/a>.<\/p>\n<h2>Zus\u00e4tzliche Produkte auf Inkston.com<\/h2>\n<p>F\u00fcr Produkte, die nicht bei Amazon Deutschland erh\u00e4ltlich sind, besuchen Sie bitte unseren <a href=\"https:\/\/www.inkston.com\/shop\/\">Inkston-Shop<\/a> und befolgen Sie die Richtlinien von inkston. Derzeit sind sie in Englisch, Spanisch und Franz\u00f6sisch verf\u00fcgbar.<\/p>\n<h2>Abfragen<\/h2>\n<p>F\u00fcr jede nicht abgedeckte Frage <a href=\"https:\/\/www.inkston.com\/deu\/kontaktieren-sie-uns\/\">kontaktieren Sie uns<\/a> bitte.<\/p>\n<p>&nbsp;<\/p>\n","protected":false},"excerpt":{"rendered":"<p>Inkston Amazon Shop F\u00fcr Produkte, die Sie bei Amazon Deutschland kaufen k\u00f6nnen, beachten Sie bitte die Richtlinien von Amazon Deutschland.\u00a0Shop besuchen.\u00a0\u00a0\u00dcber unsere R\u00fcckgabebedingungen. Zus\u00e4tzliche Produkte auf Inkston.com F\u00fcr Produkte, die nicht bei Amazon Deutschland erh\u00e4ltlich&#8230;<\/p>\n","protected":false},"author":1,"featured_media":77,"parent":0,"menu_order":0,"comment_status":"closed","ping_status":"closed","template":"","meta":{"footnotes":""},"yoast_head":"<!-- This site is optimized with the Yoast SEO plugin v19.7.1 - https:\/\/yoast.com\/wordpress\/plugins\/seo\/ -->\n<title>FAQ<\/title>\n<meta name=\"robots\" content=\"index, follow, max-snippet:-1, max-image-preview:large, max-video-preview:-1\" \/>\n<link rel=\"canonical\" href=\"https:\/\/www.inkston.com\/deu\/faq\/\" \/>\n<meta property=\"og:locale\" content=\"de_DE\" \/>\n<meta property=\"og:type\" content=\"article\" \/>\n<meta property=\"og:title\" content=\"FAQ\" \/>\n<meta property=\"og:description\" content=\"Inkston Amazon Shop F\u00fcr Produkte, die Sie bei Amazon Deutschland kaufen k\u00f6nnen, beachten Sie bitte die Richtlinien von Amazon Deutschland.\u00a0Shop besuchen.\u00a0\u00a0\u00dcber unsere R\u00fcckgabebedingungen. Zus\u00e4tzliche Produkte auf Inkston.com F\u00fcr Produkte, die nicht bei Amazon Deutschland erh\u00e4ltlich...\" \/>\n<meta property=\"og:url\" content=\"https:\/\/www.inkston.com\/deu\/faq\/\" \/>\n<meta property=\"og:site_name\" content=\"Inkston Deutsche\" \/>\n<meta property=\"article:modified_time\" content=\"2017-10-19T13:30:55+00:00\" \/>\n<meta property=\"og:image\" content=\"https:\/\/www.inkston.com\/wp-content\/uploads\/sites\/3\/2017\/09\/img_5498.jpg\" \/>\n\t<meta property=\"og:image:width\" content=\"1280\" \/>\n\t<meta property=\"og:image:height\" content=\"1280\" \/>\n\t<meta property=\"og:image:type\" content=\"image\/jpeg\" \/>\n<meta name=\"twitter:card\" content=\"summary\" \/>\n<script type=\"application\/ld+json\" class=\"yoast-schema-graph\">{\"@context\":\"https:\/\/schema.org\",\"@graph\":[{\"@type\":\"WebPage\",\"@id\":\"https:\/\/www.inkston.com\/deu\/faq\/\",\"url\":\"https:\/\/www.inkston.com\/deu\/faq\/\",\"name\":\"FAQ\",\"isPartOf\":{\"@id\":\"https:\/\/www.inkston.com\/deu\/#website\"},\"datePublished\":\"2017-09-09T13:09:37+00:00\",\"dateModified\":\"2017-10-19T13:30:55+00:00\",\"breadcrumb\":{\"@id\":\"https:\/\/www.inkston.com\/deu\/faq\/#breadcrumb\"},\"inLanguage\":\"de\",\"potentialAction\":[{\"@type\":\"ReadAction\",\"target\":[\"https:\/\/www.inkston.com\/deu\/faq\/\"]}]},{\"@type\":\"BreadcrumbList\",\"@id\":\"https:\/\/www.inkston.com\/deu\/faq\/#breadcrumb\",\"itemListElement\":[{\"@type\":\"ListItem\",\"position\":1,\"name\":\"Home\",\"item\":\"https:\/\/www.inkston.com\/deu\/\"},{\"@type\":\"ListItem\",\"position\":2,\"name\":\"FAQ\"}]},{\"@type\":\"WebSite\",\"@id\":\"https:\/\/www.inkston.com\/deu\/#website\",\"url\":\"https:\/\/www.inkston.com\/deu\/\",\"name\":\"Inkston Deutsche\",\"description\":\"Orientalische Kunst und Materialien\",\"potentialAction\":[{\"@type\":\"SearchAction\",\"target\":{\"@type\":\"EntryPoint\",\"urlTemplate\":\"https:\/\/www.inkston.com\/deu\/?s={search_term_string}\"},\"query-input\":\"required name=search_term_string\"}],\"inLanguage\":\"de\"}]}<\/script>\n<!-- \/ Yoast SEO plugin. -->","yoast_head_json":{"title":"FAQ","robots":{"index":"index","follow":"follow","max-snippet":"max-snippet:-1","max-image-preview":"max-image-preview:large","max-video-preview":"max-video-preview:-1"},"canonical":"https:\/\/www.inkston.com\/deu\/faq\/","og_locale":"de_DE","og_type":"article","og_title":"FAQ","og_description":"Inkston Amazon Shop F\u00fcr Produkte, die Sie bei Amazon Deutschland kaufen k\u00f6nnen, beachten Sie bitte die Richtlinien von Amazon Deutschland.\u00a0Shop besuchen.\u00a0\u00a0\u00dcber unsere R\u00fcckgabebedingungen. Zus\u00e4tzliche Produkte auf Inkston.com F\u00fcr Produkte, die nicht bei Amazon Deutschland erh\u00e4ltlich...","og_url":"https:\/\/www.inkston.com\/deu\/faq\/","og_site_name":"Inkston Deutsche","article_modified_time":"2017-10-19T13:30:55+00:00","og_image":[{"width":1280,"height":1280,"url":"https:\/\/www.inkston.com\/wp-content\/uploads\/sites\/3\/2017\/09\/img_5498.jpg","type":"image\/jpeg"}],"twitter_card":"summary","schema":{"@context":"https:\/\/schema.org","@graph":[{"@type":"WebPage","@id":"https:\/\/www.inkston.com\/deu\/faq\/","url":"https:\/\/www.inkston.com\/deu\/faq\/","name":"FAQ","isPartOf":{"@id":"https:\/\/www.inkston.com\/deu\/#website"},"datePublished":"2017-09-09T13:09:37+00:00","dateModified":"2017-10-19T13:30:55+00:00","breadcrumb":{"@id":"https:\/\/www.inkston.com\/deu\/faq\/#breadcrumb"},"inLanguage":"de","potentialAction":[{"@type":"ReadAction","target":["https:\/\/www.inkston.com\/deu\/faq\/"]}]},{"@type":"BreadcrumbList","@id":"https:\/\/www.inkston.com\/deu\/faq\/#breadcrumb","itemListElement":[{"@type":"ListItem","position":1,"name":"Home","item":"https:\/\/www.inkston.com\/deu\/"},{"@type":"ListItem","position":2,"name":"FAQ"}]},{"@type":"WebSite","@id":"https:\/\/www.inkston.com\/deu\/#website","url":"https:\/\/www.inkston.com\/deu\/","name":"Inkston Deutsche","description":"Orientalische Kunst und Materialien","potentialAction":[{"@type":"SearchAction","target":{"@type":"EntryPoint","urlTemplate":"https:\/\/www.inkston.com\/deu\/?s={search_term_string}"},"query-input":"required name=search_term_string"}],"inLanguage":"de"}]}},"_links":{"self":[{"href":"https:\/\/www.inkston.com\/deu\/wp-json\/wp\/v2\/pages\/18"}],"collection":[{"href":"https:\/\/www.inkston.com\/deu\/wp-json\/wp\/v2\/pages"}],"about":[{"href":"https:\/\/www.inkston.com\/deu\/wp-json\/wp\/v2\/types\/page"}],"author":[{"embeddable":true,"href":"https:\/\/www.inkston.com\/deu\/wp-json\/wp\/v2\/users\/1"}],"replies":[{"embeddable":true,"href":"https:\/\/www.inkston.com\/deu\/wp-json\/wp\/v2\/comments?post=18"}],"version-history":[{"count":5,"href":"https:\/\/www.inkston.com\/deu\/wp-json\/wp\/v2\/pages\/18\/revisions"}],"predecessor-version":[{"id":202,"href":"https:\/\/www.inkston.com\/deu\/wp-json\/wp\/v2\/pages\/18\/revisions\/202"}],"wp:featuredmedia":[{"embeddable":true,"href":"https:\/\/www.inkston.com\/deu\/wp-json\/wp\/v2\/media\/77"}],"wp:attachment":[{"href":"https:\/\/www.inkston.com\/deu\/wp-json\/wp\/v2\/media?parent=18"}],"curies":[{"name":"wp","href":"https:\/\/api.w.org\/{rel}","templated":true}]}}